{"id":5836,"date":"2022-01-18T16:59:39","date_gmt":"2022-01-18T15:59:39","guid":{"rendered":"https:\/\/www.winet.ch\/?post_type=section-geschaefts&#038;p=5836"},"modified":"2025-01-27T19:20:03","modified_gmt":"2025-01-27T18:20:03","slug":"formulare","status":"publish","type":"page","link":"https:\/\/www.winet.ch\/en\/formulare\/","title":{"rendered":"Forms"},"content":{"rendered":"<div class=\"fusion-fullwidth fullwidth-box fusion-builder-row-1 has-pattern-background has-mask-background nonhundred-percent-fullwidth non-hundred-percent-height-scrolling\" style=\"--awb-border-radius-top-left:0px;--awb-border-radius-top-right:0px;--awb-border-radius-bottom-right:0px;--awb-border-radius-bottom-left:0px;--awb-padding-top:60px;--awb-padding-bottom:80px;--awb-flex-wrap:wrap;\" ><div class=\"fusion-builder-row fusion-row\"><div class=\"fusion-layout-column fusion_builder_column fusion-builder-column-0 fusion_builder_column_2_5 2_5 fusion-two-fifth fusion-column-first\" style=\"--awb-bg-size:cover;--awb-margin-bottom:50px;width:40%;width:calc(40% - ( ( 4% ) * 0.4 ) );margin-right: 4%;\"><div class=\"fusion-column-wrapper fusion-column-has-shadow fusion-flex-column-wrapper-legacy\"><div class=\"fusion-image-element in-legacy-container\" style=\"--awb-caption-title-font-family:var(--h2_typography-font-family);--awb-caption-title-font-weight:var(--h2_typography-font-weight);--awb-caption-title-font-style:var(--h2_typography-font-style);--awb-caption-title-size:var(--h2_typography-font-size);--awb-caption-title-transform:var(--h2_typography-text-transform);--awb-caption-title-line-height:var(--h2_typography-line-height);--awb-caption-title-letter-spacing:var(--h2_typography-letter-spacing);\"><span class=\"fusion-imageframe imageframe-none imageframe-1 hover-type-none\"><img decoding=\"async\" width=\"1024\" height=\"683\" title=\"woman talking on the phone\" src=\"https:\/\/www.winet.ch\/wp-content\/uploads\/2020\/04\/AdobeStock_35534465-1024x683.jpeg\" alt class=\"img-responsive wp-image-2753\" srcset=\"https:\/\/www.winet.ch\/wp-content\/uploads\/2020\/04\/AdobeStock_35534465-200x133.jpeg 200w, https:\/\/www.winet.ch\/wp-content\/uploads\/2020\/04\/AdobeStock_35534465-400x267.jpeg 400w, https:\/\/www.winet.ch\/wp-content\/uploads\/2020\/04\/AdobeStock_35534465-600x400.jpeg 600w, https:\/\/www.winet.ch\/wp-content\/uploads\/2020\/04\/AdobeStock_35534465-800x533.jpeg 800w, https:\/\/www.winet.ch\/wp-content\/uploads\/2020\/04\/AdobeStock_35534465-1200x800.jpeg 1200w\" sizes=\"(max-width: 800px) 100vw, 600px\" \/><\/span><\/div><div class=\"fusion-clearfix\"><\/div><\/div><\/div><div class=\"fusion-layout-column fusion_builder_column fusion-builder-column-1 fusion_builder_column_3_5 3_5 fusion-three-fifth fusion-column-last\" style=\"--awb-bg-size:cover;width:60%;width:calc(60% - ( ( 4% ) * 0.6 ) );\"><div class=\"fusion-column-wrapper fusion-column-has-shadow fusion-flex-column-wrapper-legacy\"><div class=\"fusion-text fusion-text-1 winet-text-color-black\"><h1>Porting an existing number<\/h1>\n<\/div><div class=\"fusion-text fusion-text-2 winet-lead\"><p>Port your existing fixed net or VoIP connection to Winet and save your fixed net costs or basic fees.<\/p>\n<\/div><div class=\"fusion-sep-clear\"><\/div><div class=\"fusion-separator fusion-full-width-sep\" style=\"margin-left: auto;margin-right: auto;margin-top:20px;width:100%;\"><\/div><div class=\"fusion-sep-clear\"><\/div><div class=\"fusion-button-wrapper\"><a class=\"fusion-button button-flat fusion-button-default-size button-default fusion-button-default button-1 fusion-button-default-span fusion-button-default-type\" target=\"_blank\" rel=\"noopener noreferrer\" href=\"https:\/\/www.winet.ch\/wp-content\/uploads\/2025\/01\/25.02_Vollmacht_Portierung.pdf\"><span class=\"fusion-button-icon-divider button-icon-divider-left\"><i class=\"fa-file-pdf fas awb-button__icon awb-button__icon--default\" aria-hidden=\"true\"><\/i><\/span><span class=\"fusion-button-text awb-button__text awb-button__text--default fusion-button-text-left\">Porting form<\/span><\/a><\/div><div class=\"fusion-sep-clear\"><\/div><div class=\"fusion-separator fusion-full-width-sep\" style=\"margin-left: auto;margin-right: auto;margin-top:20px;width:100%;\"><\/div><div class=\"fusion-sep-clear\"><\/div><div class=\"fusion-button-wrapper\"><a class=\"fusion-button button-flat fusion-button-default-size button-default fusion-button-default button-2 fusion-button-default-span fusion-button-default-type\" target=\"_blank\" rel=\"noopener noreferrer\" href=\"https:\/\/www.winet.ch\/wp-content\/uploads\/2020\/07\/\u00dcbernahme_Rufnummern_1.2.pdf\"><span class=\"fusion-button-icon-divider button-icon-divider-left\"><i class=\"fa-file-pdf fas awb-button__icon awb-button__icon--default\" aria-hidden=\"true\"><\/i><\/span><span class=\"fusion-button-text awb-button__text awb-button__text--default fusion-button-text-left\">Takeover form<\/span><\/a><\/div><div class=\"fusion-sep-clear\"><\/div><div class=\"fusion-separator fusion-full-width-sep\" style=\"margin-left: auto;margin-right: auto;margin-top:20px;width:100%;\"><\/div><div class=\"fusion-sep-clear\"><\/div><div class=\"fusion-button-wrapper\"><a class=\"fusion-button button-flat fusion-button-default-size button-default fusion-button-default button-3 fusion-button-default-span fusion-button-default-type\" target=\"_blank\" rel=\"noopener noreferrer\" href=\"https:\/\/www.winet.ch\/wp-content\/uploads\/2020\/07\/Belastungserm\u00e4chtigung_LSV.pdf\"><span class=\"fusion-button-icon-divider button-icon-divider-left\"><i class=\"fa-file-pdf fas awb-button__icon awb-button__icon--default\" aria-hidden=\"true\"><\/i><\/span><span class=\"fusion-button-text awb-button__text awb-button__text--default fusion-button-text-left\">LSV form<\/span><\/a><\/div><div class=\"fusion-clearfix\"><\/div><\/div><\/div><\/div><\/div>","protected":false},"excerpt":{"rendered":"","protected":false},"author":4,"featured_media":6127,"parent":0,"menu_order":0,"comment_status":"closed","ping_status":"closed","template":"","meta":{"_acf_changed":false,"inline_featured_image":false,"footnotes":""},"class_list":["post-5836","page","type-page","status-publish","has-post-thumbnail","hentry"],"acf":[],"yoast_head":"<!-- This site is optimized with the Yoast SEO Premium plugin v27.5 (Yoast SEO v27.5) - https:\/\/yoast.com\/product\/yoast-seo-premium-wordpress\/ -->\n<title>Formulare f\u00fcr Gesch\u00e4ftskunden | Winet<\/title>\n<meta name=\"description\" content=\"Hier finden Sie Formulare f\u00fcr Gesch\u00e4ftskunden zur Portierung und \u00dcbernahme einer Telefonnummer zu einem VoIP-Anschluss zu Winet.\" \/>\n<meta name=\"robots\" content=\"index, follow, max-snippet:-1, max-image-preview:large, max-video-preview:-1\" \/>\n<link rel=\"canonical\" href=\"https:\/\/www.winet.ch\/en\/formulare\/\" \/>\n<meta property=\"og:locale\" content=\"en_US\" \/>\n<meta property=\"og:type\" content=\"article\" \/>\n<meta property=\"og:title\" content=\"Formulare\" \/>\n<meta property=\"og:description\" content=\"Hier finden Sie Formulare f\u00fcr Gesch\u00e4ftskunden zur Portierung und \u00dcbernahme einer Telefonnummer zu einem VoIP-Anschluss zu Winet.\" \/>\n<meta property=\"og:url\" content=\"https:\/\/www.winet.ch\/en\/formulare\/\" \/>\n<meta property=\"og:site_name\" content=\"Winet\" \/>\n<meta property=\"article:modified_time\" content=\"2025-01-27T18:20:03+00:00\" \/>\n<meta property=\"og:image\" content=\"https:\/\/www.winet.ch\/wp-content\/uploads\/2022\/01\/pexels-pixabay-48148-scaled.jpg\" \/>\n\t<meta property=\"og:image:width\" content=\"2560\" \/>\n\t<meta property=\"og:image:height\" content=\"1702\" \/>\n\t<meta property=\"og:image:type\" content=\"image\/jpeg\" \/>\n<meta name=\"twitter:card\" content=\"summary_large_image\" \/>\n<meta name=\"twitter:label1\" content=\"Est. reading time\" \/>\n\t<meta name=\"twitter:data1\" content=\"1 minute\" \/>\n<script type=\"application\/ld+json\" class=\"yoast-schema-graph\">{\"@context\":\"https:\\\/\\\/schema.org\",\"@graph\":[{\"@type\":\"WebPage\",\"@id\":\"https:\\\/\\\/www.winet.ch\\\/formulare\\\/\",\"url\":\"https:\\\/\\\/www.winet.ch\\\/formulare\\\/\",\"name\":\"Formulare f\u00fcr Gesch\u00e4ftskunden | Winet\",\"isPartOf\":{\"@id\":\"https:\\\/\\\/www.winet.ch\\\/#website\"},\"primaryImageOfPage\":{\"@id\":\"https:\\\/\\\/www.winet.ch\\\/formulare\\\/#primaryimage\"},\"image\":{\"@id\":\"https:\\\/\\\/www.winet.ch\\\/formulare\\\/#primaryimage\"},\"thumbnailUrl\":\"https:\\\/\\\/www.winet.ch\\\/wp-content\\\/uploads\\\/2022\\\/01\\\/pexels-pixabay-48148-scaled.jpg\",\"datePublished\":\"2022-01-18T15:59:39+00:00\",\"dateModified\":\"2025-01-27T18:20:03+00:00\",\"description\":\"Hier finden Sie Formulare f\u00fcr Gesch\u00e4ftskunden zur Portierung und \u00dcbernahme einer Telefonnummer zu einem VoIP-Anschluss zu Winet.\",\"breadcrumb\":{\"@id\":\"https:\\\/\\\/www.winet.ch\\\/formulare\\\/#breadcrumb\"},\"inLanguage\":\"en-US\",\"potentialAction\":[{\"@type\":\"ReadAction\",\"target\":[\"https:\\\/\\\/www.winet.ch\\\/formulare\\\/\"]}]},{\"@type\":\"ImageObject\",\"inLanguage\":\"en-US\",\"@id\":\"https:\\\/\\\/www.winet.ch\\\/formulare\\\/#primaryimage\",\"url\":\"https:\\\/\\\/www.winet.ch\\\/wp-content\\\/uploads\\\/2022\\\/01\\\/pexels-pixabay-48148-scaled.jpg\",\"contentUrl\":\"https:\\\/\\\/www.winet.ch\\\/wp-content\\\/uploads\\\/2022\\\/01\\\/pexels-pixabay-48148-scaled.jpg\",\"width\":2560,\"height\":1702},{\"@type\":\"BreadcrumbList\",\"@id\":\"https:\\\/\\\/www.winet.ch\\\/formulare\\\/#breadcrumb\",\"itemListElement\":[{\"@type\":\"ListItem\",\"position\":1,\"name\":\"Home\",\"item\":\"https:\\\/\\\/www.winet.ch\\\/\"},{\"@type\":\"ListItem\",\"position\":2,\"name\":\"Formulare\"}]},{\"@type\":\"WebSite\",\"@id\":\"https:\\\/\\\/www.winet.ch\\\/#website\",\"url\":\"https:\\\/\\\/www.winet.ch\\\/\",\"name\":\"Winet\",\"description\":\"The VoIP Professionals.\",\"potentialAction\":[{\"@type\":\"SearchAction\",\"target\":{\"@type\":\"EntryPoint\",\"urlTemplate\":\"https:\\\/\\\/www.winet.ch\\\/?s={search_term_string}\"},\"query-input\":{\"@type\":\"PropertyValueSpecification\",\"valueRequired\":true,\"valueName\":\"search_term_string\"}}],\"inLanguage\":\"en-US\"}]}<\/script>\n<!-- \/ Yoast SEO Premium plugin. -->","yoast_head_json":{"title":"Forms for business customers | Winet","description":"Here you can find forms for business customers to port and transfer a phone number to a VoIP connection to Winet.","robots":{"index":"index","follow":"follow","max-snippet":"max-snippet:-1","max-image-preview":"max-image-preview:large","max-video-preview":"max-video-preview:-1"},"canonical":"https:\/\/www.winet.ch\/en\/formulare\/","og_locale":"en_US","og_type":"article","og_title":"Formulare","og_description":"Hier finden Sie Formulare f\u00fcr Gesch\u00e4ftskunden zur Portierung und \u00dcbernahme einer Telefonnummer zu einem VoIP-Anschluss zu Winet.","og_url":"https:\/\/www.winet.ch\/en\/formulare\/","og_site_name":"Winet","article_modified_time":"2025-01-27T18:20:03+00:00","og_image":[{"width":2560,"height":1702,"url":"https:\/\/www.winet.ch\/wp-content\/uploads\/2022\/01\/pexels-pixabay-48148-scaled.jpg","type":"image\/jpeg"}],"twitter_card":"summary_large_image","twitter_misc":{"Est. reading time":"1 minute"},"schema":{"@context":"https:\/\/schema.org","@graph":[{"@type":"WebPage","@id":"https:\/\/www.winet.ch\/formulare\/","url":"https:\/\/www.winet.ch\/formulare\/","name":"Forms for business customers | Winet","isPartOf":{"@id":"https:\/\/www.winet.ch\/#website"},"primaryImageOfPage":{"@id":"https:\/\/www.winet.ch\/formulare\/#primaryimage"},"image":{"@id":"https:\/\/www.winet.ch\/formulare\/#primaryimage"},"thumbnailUrl":"https:\/\/www.winet.ch\/wp-content\/uploads\/2022\/01\/pexels-pixabay-48148-scaled.jpg","datePublished":"2022-01-18T15:59:39+00:00","dateModified":"2025-01-27T18:20:03+00:00","description":"Here you can find forms for business customers to port and transfer a phone number to a VoIP connection to Winet.","breadcrumb":{"@id":"https:\/\/www.winet.ch\/formulare\/#breadcrumb"},"inLanguage":"en-US","potentialAction":[{"@type":"ReadAction","target":["https:\/\/www.winet.ch\/formulare\/"]}]},{"@type":"ImageObject","inLanguage":"en-US","@id":"https:\/\/www.winet.ch\/formulare\/#primaryimage","url":"https:\/\/www.winet.ch\/wp-content\/uploads\/2022\/01\/pexels-pixabay-48148-scaled.jpg","contentUrl":"https:\/\/www.winet.ch\/wp-content\/uploads\/2022\/01\/pexels-pixabay-48148-scaled.jpg","width":2560,"height":1702},{"@type":"BreadcrumbList","@id":"https:\/\/www.winet.ch\/formulare\/#breadcrumb","itemListElement":[{"@type":"ListItem","position":1,"name":"Home","item":"https:\/\/www.winet.ch\/"},{"@type":"ListItem","position":2,"name":"Formulare"}]},{"@type":"WebSite","@id":"https:\/\/www.winet.ch\/#website","url":"https:\/\/www.winet.ch\/","name":"Winet","description":"The VoIP Professionals.","potentialAction":[{"@type":"SearchAction","target":{"@type":"EntryPoint","urlTemplate":"https:\/\/www.winet.ch\/?s={search_term_string}"},"query-input":{"@type":"PropertyValueSpecification","valueRequired":true,"valueName":"search_term_string"}}],"inLanguage":"en-US"}]}},"_links":{"self":[{"href":"https:\/\/www.winet.ch\/en\/wp-json\/wp\/v2\/pages\/5836","targetHints":{"allow":["GET"]}}],"collection":[{"href":"https:\/\/www.winet.ch\/en\/wp-json\/wp\/v2\/pages"}],"about":[{"href":"https:\/\/www.winet.ch\/en\/wp-json\/wp\/v2\/types\/page"}],"author":[{"embeddable":true,"href":"https:\/\/www.winet.ch\/en\/wp-json\/wp\/v2\/users\/4"}],"replies":[{"embeddable":true,"href":"https:\/\/www.winet.ch\/en\/wp-json\/wp\/v2\/comments?post=5836"}],"version-history":[{"count":0,"href":"https:\/\/www.winet.ch\/en\/wp-json\/wp\/v2\/pages\/5836\/revisions"}],"wp:featuredmedia":[{"embeddable":true,"href":"https:\/\/www.winet.ch\/en\/wp-json\/wp\/v2\/media\/6127"}],"wp:attachment":[{"href":"https:\/\/www.winet.ch\/en\/wp-json\/wp\/v2\/media?parent=5836"}],"curies":[{"name":"wp","href":"https:\/\/api.w.org\/{rel}","templated":true}]}}